{"id":111,"date":"2014-05-09T16:46:15","date_gmt":"2014-05-09T16:46:15","guid":{"rendered":"http:\/\/bermudiana.es\/blog\/?page_id=111"},"modified":"2021-06-30T16:53:11","modified_gmt":"2021-06-30T15:53:11","slug":"sobre-el-blog","status":"publish","type":"page","link":"https:\/\/bermudiana.es\/blog\/sobre-el-blog\/","title":{"rendered":"Sobre este blog"},"content":{"rendered":"<p>El objetivo de este blog es presentar ideas para que puedan ser fuente de inspiraci\u00f3n en el proceso de creaci\u00f3n y decisi\u00f3n en la actividad promocional de una empresa u organizaci\u00f3n. Son ideas de art\u00edculos publicitarios, regalos de empresa originales, casos reales a nivel internacional y otras informaciones del mundo del marketing promocional. En la columna de la izquierda tienes acceso directo a las diferentes categor\u00edas de la web de Bermudiana.<\/p>\n","protected":false},"excerpt":{"rendered":"<p>El objetivo de este blog es presentar ideas para que puedan ser fuente de inspiraci\u00f3n en el proceso de creaci\u00f3n y decisi\u00f3n en la actividad promocional de una empresa u organizaci\u00f3n. Son ideas de art\u00edculos publicitarios, regalos de empresa originales, casos reales a nivel internacional y otras informaciones del mundo del marketing promocional. En la [&hellip;]<\/p>\n","protected":false},"author":1,"featured_media":0,"parent":0,"menu_order":0,"comment_status":"open","ping_status":"open","template":"","meta":{"footnotes":""},"class_list":["post-111","page","type-page","status-publish","hentry"],"yoast_head":"<!-- This site is optimized with the Yoast SEO plugin v24.9 - https:\/\/yoast.com\/wordpress\/plugins\/seo\/ -->\n<title>Sobre este blog - Blog de Bermudiana<\/title>\n<meta name=\"description\" content=\"En este blog encontrar\u00e1s novedades, buenas ideas, casos reales e informaci\u00f3n en general del mundo de los art\u00edculos publicitarios y los regalos de empresa.\" \/>\n<meta name=\"robots\" content=\"index, follow, max-snippet:-1, max-image-preview:large, max-video-preview:-1\" \/>\n<link rel=\"canonical\" href=\"https:\/\/bermudiana.es\/blog\/sobre-el-blog\/\" \/>\n<meta property=\"og:locale\" content=\"es_ES\" \/>\n<meta property=\"og:type\" content=\"article\" \/>\n<meta property=\"og:title\" content=\"Sobre este blog - Blog de Bermudiana\" \/>\n<meta property=\"og:description\" content=\"En este blog encontrar\u00e1s novedades, buenas ideas, casos reales e informaci\u00f3n en general del mundo de los art\u00edculos publicitarios y los regalos de empresa.\" \/>\n<meta property=\"og:url\" content=\"https:\/\/bermudiana.es\/blog\/sobre-el-blog\/\" \/>\n<meta property=\"og:site_name\" content=\"Blog del regalo publicitario, regalo de empresa y merchandising\" \/>\n<meta property=\"article:modified_time\" content=\"2021-06-30T15:53:11+00:00\" \/>\n<meta name=\"twitter:card\" content=\"summary_large_image\" \/>\n<script type=\"application\/ld+json\" class=\"yoast-schema-graph\">{\"@context\":\"https:\/\/schema.org\",\"@graph\":[{\"@type\":\"WebPage\",\"@id\":\"https:\/\/bermudiana.es\/blog\/sobre-el-blog\/\",\"url\":\"https:\/\/bermudiana.es\/blog\/sobre-el-blog\/\",\"name\":\"Sobre este blog - Blog de Bermudiana\",\"isPartOf\":{\"@id\":\"https:\/\/bermudiana.es\/blog\/#website\"},\"datePublished\":\"2014-05-09T16:46:15+00:00\",\"dateModified\":\"2021-06-30T15:53:11+00:00\",\"description\":\"En este blog encontrar\u00e1s novedades, buenas ideas, casos reales e informaci\u00f3n en general del mundo de los art\u00edculos publicitarios y los regalos de empresa.\",\"breadcrumb\":{\"@id\":\"https:\/\/bermudiana.es\/blog\/sobre-el-blog\/#breadcrumb\"},\"inLanguage\":\"es\",\"potentialAction\":[{\"@type\":\"ReadAction\",\"target\":[\"https:\/\/bermudiana.es\/blog\/sobre-el-blog\/\"]}]},{\"@type\":\"BreadcrumbList\",\"@id\":\"https:\/\/bermudiana.es\/blog\/sobre-el-blog\/#breadcrumb\",\"itemListElement\":[{\"@type\":\"ListItem\",\"position\":1,\"name\":\"Portada\",\"item\":\"https:\/\/bermudiana.es\/blog\/\"},{\"@type\":\"ListItem\",\"position\":2,\"name\":\"Sobre este blog\"}]},{\"@type\":\"WebSite\",\"@id\":\"https:\/\/bermudiana.es\/blog\/#website\",\"url\":\"https:\/\/bermudiana.es\/blog\/\",\"name\":\"Blog del regalo publicitario, regalo de empresa y merchandising\",\"description\":\"\",\"publisher\":{\"@id\":\"https:\/\/bermudiana.es\/blog\/#organization\"},\"potentialAction\":[{\"@type\":\"SearchAction\",\"target\":{\"@type\":\"EntryPoint\",\"urlTemplate\":\"https:\/\/bermudiana.es\/blog\/?s={search_term_string}\"},\"query-input\":{\"@type\":\"PropertyValueSpecification\",\"valueRequired\":true,\"valueName\":\"search_term_string\"}}],\"inLanguage\":\"es\"},{\"@type\":\"Organization\",\"@id\":\"https:\/\/bermudiana.es\/blog\/#organization\",\"name\":\"Bermudiana, S.L.\",\"url\":\"https:\/\/bermudiana.es\/blog\/\",\"logo\":{\"@type\":\"ImageObject\",\"inLanguage\":\"es\",\"@id\":\"https:\/\/bermudiana.es\/blog\/#\/schema\/logo\/image\/\",\"url\":\"https:\/\/bermudiana.es\/blog\/wp-content\/uploads\/2018\/09\/Logo-Blog-BMD.jpg\",\"contentUrl\":\"https:\/\/bermudiana.es\/blog\/wp-content\/uploads\/2018\/09\/Logo-Blog-BMD.jpg\",\"width\":308,\"height\":79,\"caption\":\"Bermudiana, S.L.\"},\"image\":{\"@id\":\"https:\/\/bermudiana.es\/blog\/#\/schema\/logo\/image\/\"}}]}<\/script>\n<!-- \/ Yoast SEO plugin. -->","yoast_head_json":{"title":"Sobre este blog - Blog de Bermudiana","description":"En este blog encontrar\u00e1s novedades, buenas ideas, casos reales e informaci\u00f3n en general del mundo de los art\u00edculos publicitarios y los regalos de empresa.","robots":{"index":"index","follow":"follow","max-snippet":"max-snippet:-1","max-image-preview":"max-image-preview:large","max-video-preview":"max-video-preview:-1"},"canonical":"https:\/\/bermudiana.es\/blog\/sobre-el-blog\/","og_locale":"es_ES","og_type":"article","og_title":"Sobre este blog - Blog de Bermudiana","og_description":"En este blog encontrar\u00e1s novedades, buenas ideas, casos reales e informaci\u00f3n en general del mundo de los art\u00edculos publicitarios y los regalos de empresa.","og_url":"https:\/\/bermudiana.es\/blog\/sobre-el-blog\/","og_site_name":"Blog del regalo publicitario, regalo de empresa y merchandising","article_modified_time":"2021-06-30T15:53:11+00:00","twitter_card":"summary_large_image","schema":{"@context":"https:\/\/schema.org","@graph":[{"@type":"WebPage","@id":"https:\/\/bermudiana.es\/blog\/sobre-el-blog\/","url":"https:\/\/bermudiana.es\/blog\/sobre-el-blog\/","name":"Sobre este blog - Blog de Bermudiana","isPartOf":{"@id":"https:\/\/bermudiana.es\/blog\/#website"},"datePublished":"2014-05-09T16:46:15+00:00","dateModified":"2021-06-30T15:53:11+00:00","description":"En este blog encontrar\u00e1s novedades, buenas ideas, casos reales e informaci\u00f3n en general del mundo de los art\u00edculos publicitarios y los regalos de empresa.","breadcrumb":{"@id":"https:\/\/bermudiana.es\/blog\/sobre-el-blog\/#breadcrumb"},"inLanguage":"es","potentialAction":[{"@type":"ReadAction","target":["https:\/\/bermudiana.es\/blog\/sobre-el-blog\/"]}]},{"@type":"BreadcrumbList","@id":"https:\/\/bermudiana.es\/blog\/sobre-el-blog\/#breadcrumb","itemListElement":[{"@type":"ListItem","position":1,"name":"Portada","item":"https:\/\/bermudiana.es\/blog\/"},{"@type":"ListItem","position":2,"name":"Sobre este blog"}]},{"@type":"WebSite","@id":"https:\/\/bermudiana.es\/blog\/#website","url":"https:\/\/bermudiana.es\/blog\/","name":"Blog del regalo publicitario, regalo de empresa y merchandising","description":"","publisher":{"@id":"https:\/\/bermudiana.es\/blog\/#organization"},"potentialAction":[{"@type":"SearchAction","target":{"@type":"EntryPoint","urlTemplate":"https:\/\/bermudiana.es\/blog\/?s={search_term_string}"},"query-input":{"@type":"PropertyValueSpecification","valueRequired":true,"valueName":"search_term_string"}}],"inLanguage":"es"},{"@type":"Organization","@id":"https:\/\/bermudiana.es\/blog\/#organization","name":"Bermudiana, S.L.","url":"https:\/\/bermudiana.es\/blog\/","logo":{"@type":"ImageObject","inLanguage":"es","@id":"https:\/\/bermudiana.es\/blog\/#\/schema\/logo\/image\/","url":"https:\/\/bermudiana.es\/blog\/wp-content\/uploads\/2018\/09\/Logo-Blog-BMD.jpg","contentUrl":"https:\/\/bermudiana.es\/blog\/wp-content\/uploads\/2018\/09\/Logo-Blog-BMD.jpg","width":308,"height":79,"caption":"Bermudiana, S.L."},"image":{"@id":"https:\/\/bermudiana.es\/blog\/#\/schema\/logo\/image\/"}}]}},"post_mailing_queue_ids":[],"_links":{"self":[{"href":"https:\/\/bermudiana.es\/blog\/wp-json\/wp\/v2\/pages\/111","targetHints":{"allow":["GET"]}}],"collection":[{"href":"https:\/\/bermudiana.es\/blog\/wp-json\/wp\/v2\/pages"}],"about":[{"href":"https:\/\/bermudiana.es\/blog\/wp-json\/wp\/v2\/types\/page"}],"author":[{"embeddable":true,"href":"https:\/\/bermudiana.es\/blog\/wp-json\/wp\/v2\/users\/1"}],"replies":[{"embeddable":true,"href":"https:\/\/bermudiana.es\/blog\/wp-json\/wp\/v2\/comments?post=111"}],"version-history":[{"count":10,"href":"https:\/\/bermudiana.es\/blog\/wp-json\/wp\/v2\/pages\/111\/revisions"}],"predecessor-version":[{"id":2692,"href":"https:\/\/bermudiana.es\/blog\/wp-json\/wp\/v2\/pages\/111\/revisions\/2692"}],"wp:attachment":[{"href":"https:\/\/bermudiana.es\/blog\/wp-json\/wp\/v2\/media?parent=111"}],"curies":[{"name":"wp","href":"https:\/\/api.w.org\/{rel}","templated":true}]}}