{"id":121,"date":"2014-05-12T17:06:06","date_gmt":"2014-05-12T17:06:06","guid":{"rendered":"http:\/\/bermudiana.es\/blog\/?page_id=121"},"modified":"2020-07-22T19:04:14","modified_gmt":"2020-07-22T18:04:14","slug":"quienes-somos","status":"publish","type":"page","link":"https:\/\/bermudiana.es\/blog\/quienes-somos\/","title":{"rendered":"\u00bfQui\u00e9nes somos?"},"content":{"rendered":"<p>Desde el a\u00f1o 1997, en Bermudiana colaboramos con nuestros clientes ofreci\u00e9ndoles soluciones para el suministro de art\u00edculos publicitarios, regalos de empresa y merchandising personalizado, \u00a0para sus campa\u00f1as promocionales.<\/p>\n<p>Nos hemos encargado de la creaci\u00f3n del art\u00edculo publicitario, la localizaci\u00f3n de fabricantes, la personalizaci\u00f3n del regalo, el control de la fabricaci\u00f3n; hasta la entrega del producto en el almac\u00e9n del cliente, listo para su distribuci\u00f3n.<\/p>\n<p>Trabajamos con proveedores y partners en Asia y en Europa. Nuestros cartera de clientes es principalmente nacional, con algunos clientes internacionales; y desde micro empresas a grandes organizaciones.<\/p>\n<p>En este blog encontrar\u00e1s\u00a0buenas ideas que pueden ser fuente de inspiraci\u00f3n en el proceso de creaci\u00f3n y decisi\u00f3n en las campa\u00f1as promocionales de tu empresa.<\/p>\n<p>Y la web de Bermudiana encontrar\u00e1s nuestro cat\u00e1logo de art\u00edculos publicitarios y regalos de empresa que se pueden personalizar con la imagen de tu empresa.<\/p>\n<p>Nos puedes encontrar en:<\/p>\n<p>Av. Cerdanyola 75-77, 1\u00ba 1\u00aa \u00a0<strong>| \u00a0<\/strong>08172 Sant Cugat del Vall\u00e9s (Barcelona) \u00a0<strong>|\u00a0<\/strong>\u00a0T. 93-590 65 80 \u00a0<strong>|<\/strong> \u00a0F. 93-675 51 36<\/p>\n<p><a href=\"mailto:info@bermudiana.es\">info@bermudiana.es<\/a>\u00a0 <strong>|<\/strong> \u00a0<a title=\"Ir a la web de Bermudiana\" href=\"http:\/\/bermudiana.es\" target=\"_blank\" rel=\"noopener noreferrer\">www.bermudiana.es<\/a>\u00a0 <strong>|<\/strong>\u00a0 <a title=\"Ir al blog de Bermudiana\" href=\"http:\/\/bermudiana.es\/blog\/\" target=\"_blank\" rel=\"noopener noreferrer\">Blog<\/a> \u00a0| \u00a0\u00a0<a title=\"Ir a la p\u00e1gina de Facebook de Bermudiana\" href=\"https:\/\/www.facebook.com\/bermudianamarketingpromocional\" target=\"_blank\" rel=\"noopener noreferrer\">Facebook<\/a><\/p>\n<p>Ll\u00e1manos al tel\u00e9fono al <strong>93 5906580<\/strong> o envianos un email a <strong><a href=\"mailto:info@bermudiana.es\">info@bermudiana.es<\/a><\/strong>, y te asesoraremos en la b\u00fasqueda del regalo para tu campa\u00f1a.<\/p>\n","protected":false},"excerpt":{"rendered":"<p>Desde el a\u00f1o 1997, en Bermudiana colaboramos con nuestros clientes ofreci\u00e9ndoles soluciones para el suministro de art\u00edculos publicitarios, regalos de empresa y merchandising personalizado, \u00a0para sus campa\u00f1as promocionales. Nos hemos encargado de la creaci\u00f3n del art\u00edculo publicitario, la localizaci\u00f3n de fabricantes, la personalizaci\u00f3n del regalo, el control de la fabricaci\u00f3n; hasta la entrega del producto [&hellip;]<\/p>\n","protected":false},"author":1,"featured_media":0,"parent":0,"menu_order":0,"comment_status":"open","ping_status":"open","template":"","meta":{"footnotes":""},"class_list":["post-121","page","type-page","status-publish","hentry"],"yoast_head":"<!-- This site is optimized with the Yoast SEO plugin v24.9 - https:\/\/yoast.com\/wordpress\/plugins\/seo\/ -->\n<title>Quienes somos en la web y el blog de Bermudiana<\/title>\n<meta name=\"description\" content=\"Desde el a\u00f1o 1997, suministramos a nuestros clientes art\u00edculos publicitarios y regalos de empresa personalizados para sus campa\u00f1as promocionales.\" \/>\n<meta name=\"robots\" content=\"index, follow, max-snippet:-1, max-image-preview:large, max-video-preview:-1\" \/>\n<link rel=\"canonical\" href=\"https:\/\/bermudiana.es\/blog\/quienes-somos\/\" \/>\n<meta property=\"og:locale\" content=\"es_ES\" \/>\n<meta property=\"og:type\" content=\"article\" \/>\n<meta property=\"og:title\" content=\"Quienes somos en la web y el blog de Bermudiana\" \/>\n<meta property=\"og:description\" content=\"Desde el a\u00f1o 1997, suministramos a nuestros clientes art\u00edculos publicitarios y regalos de empresa personalizados para sus campa\u00f1as promocionales.\" \/>\n<meta property=\"og:url\" content=\"https:\/\/bermudiana.es\/blog\/quienes-somos\/\" \/>\n<meta property=\"og:site_name\" content=\"Blog del regalo publicitario, regalo de empresa y merchandising\" \/>\n<meta property=\"article:modified_time\" content=\"2020-07-22T18:04:14+00:00\" \/>\n<meta name=\"twitter:card\" content=\"summary_large_image\" \/>\n<meta name=\"twitter:label1\" content=\"Tiempo de lectura\" \/>\n\t<meta name=\"twitter:data1\" content=\"1 minuto\" \/>\n<script type=\"application\/ld+json\" class=\"yoast-schema-graph\">{\"@context\":\"https:\/\/schema.org\",\"@graph\":[{\"@type\":\"WebPage\",\"@id\":\"https:\/\/bermudiana.es\/blog\/quienes-somos\/\",\"url\":\"https:\/\/bermudiana.es\/blog\/quienes-somos\/\",\"name\":\"Quienes somos en la web y el blog de Bermudiana\",\"isPartOf\":{\"@id\":\"https:\/\/bermudiana.es\/blog\/#website\"},\"datePublished\":\"2014-05-12T17:06:06+00:00\",\"dateModified\":\"2020-07-22T18:04:14+00:00\",\"description\":\"Desde el a\u00f1o 1997, suministramos a nuestros clientes art\u00edculos publicitarios y regalos de empresa personalizados para sus campa\u00f1as promocionales.\",\"breadcrumb\":{\"@id\":\"https:\/\/bermudiana.es\/blog\/quienes-somos\/#breadcrumb\"},\"inLanguage\":\"es\",\"potentialAction\":[{\"@type\":\"ReadAction\",\"target\":[\"https:\/\/bermudiana.es\/blog\/quienes-somos\/\"]}]},{\"@type\":\"BreadcrumbList\",\"@id\":\"https:\/\/bermudiana.es\/blog\/quienes-somos\/#breadcrumb\",\"itemListElement\":[{\"@type\":\"ListItem\",\"position\":1,\"name\":\"Portada\",\"item\":\"https:\/\/bermudiana.es\/blog\/\"},{\"@type\":\"ListItem\",\"position\":2,\"name\":\"\u00bfQui\u00e9nes somos?\"}]},{\"@type\":\"WebSite\",\"@id\":\"https:\/\/bermudiana.es\/blog\/#website\",\"url\":\"https:\/\/bermudiana.es\/blog\/\",\"name\":\"Blog del regalo publicitario, regalo de empresa y merchandising\",\"description\":\"\",\"publisher\":{\"@id\":\"https:\/\/bermudiana.es\/blog\/#organization\"},\"potentialAction\":[{\"@type\":\"SearchAction\",\"target\":{\"@type\":\"EntryPoint\",\"urlTemplate\":\"https:\/\/bermudiana.es\/blog\/?s={search_term_string}\"},\"query-input\":{\"@type\":\"PropertyValueSpecification\",\"valueRequired\":true,\"valueName\":\"search_term_string\"}}],\"inLanguage\":\"es\"},{\"@type\":\"Organization\",\"@id\":\"https:\/\/bermudiana.es\/blog\/#organization\",\"name\":\"Bermudiana, S.L.\",\"url\":\"https:\/\/bermudiana.es\/blog\/\",\"logo\":{\"@type\":\"ImageObject\",\"inLanguage\":\"es\",\"@id\":\"https:\/\/bermudiana.es\/blog\/#\/schema\/logo\/image\/\",\"url\":\"https:\/\/bermudiana.es\/blog\/wp-content\/uploads\/2018\/09\/Logo-Blog-BMD.jpg\",\"contentUrl\":\"https:\/\/bermudiana.es\/blog\/wp-content\/uploads\/2018\/09\/Logo-Blog-BMD.jpg\",\"width\":308,\"height\":79,\"caption\":\"Bermudiana, S.L.\"},\"image\":{\"@id\":\"https:\/\/bermudiana.es\/blog\/#\/schema\/logo\/image\/\"}}]}<\/script>\n<!-- \/ Yoast SEO plugin. -->","yoast_head_json":{"title":"Quienes somos en la web y el blog de Bermudiana","description":"Desde el a\u00f1o 1997, suministramos a nuestros clientes art\u00edculos publicitarios y regalos de empresa personalizados para sus campa\u00f1as promocionales.","robots":{"index":"index","follow":"follow","max-snippet":"max-snippet:-1","max-image-preview":"max-image-preview:large","max-video-preview":"max-video-preview:-1"},"canonical":"https:\/\/bermudiana.es\/blog\/quienes-somos\/","og_locale":"es_ES","og_type":"article","og_title":"Quienes somos en la web y el blog de Bermudiana","og_description":"Desde el a\u00f1o 1997, suministramos a nuestros clientes art\u00edculos publicitarios y regalos de empresa personalizados para sus campa\u00f1as promocionales.","og_url":"https:\/\/bermudiana.es\/blog\/quienes-somos\/","og_site_name":"Blog del regalo publicitario, regalo de empresa y merchandising","article_modified_time":"2020-07-22T18:04:14+00:00","twitter_card":"summary_large_image","twitter_misc":{"Tiempo de lectura":"1 minuto"},"schema":{"@context":"https:\/\/schema.org","@graph":[{"@type":"WebPage","@id":"https:\/\/bermudiana.es\/blog\/quienes-somos\/","url":"https:\/\/bermudiana.es\/blog\/quienes-somos\/","name":"Quienes somos en la web y el blog de Bermudiana","isPartOf":{"@id":"https:\/\/bermudiana.es\/blog\/#website"},"datePublished":"2014-05-12T17:06:06+00:00","dateModified":"2020-07-22T18:04:14+00:00","description":"Desde el a\u00f1o 1997, suministramos a nuestros clientes art\u00edculos publicitarios y regalos de empresa personalizados para sus campa\u00f1as promocionales.","breadcrumb":{"@id":"https:\/\/bermudiana.es\/blog\/quienes-somos\/#breadcrumb"},"inLanguage":"es","potentialAction":[{"@type":"ReadAction","target":["https:\/\/bermudiana.es\/blog\/quienes-somos\/"]}]},{"@type":"BreadcrumbList","@id":"https:\/\/bermudiana.es\/blog\/quienes-somos\/#breadcrumb","itemListElement":[{"@type":"ListItem","position":1,"name":"Portada","item":"https:\/\/bermudiana.es\/blog\/"},{"@type":"ListItem","position":2,"name":"\u00bfQui\u00e9nes somos?"}]},{"@type":"WebSite","@id":"https:\/\/bermudiana.es\/blog\/#website","url":"https:\/\/bermudiana.es\/blog\/","name":"Blog del regalo publicitario, regalo de empresa y merchandising","description":"","publisher":{"@id":"https:\/\/bermudiana.es\/blog\/#organization"},"potentialAction":[{"@type":"SearchAction","target":{"@type":"EntryPoint","urlTemplate":"https:\/\/bermudiana.es\/blog\/?s={search_term_string}"},"query-input":{"@type":"PropertyValueSpecification","valueRequired":true,"valueName":"search_term_string"}}],"inLanguage":"es"},{"@type":"Organization","@id":"https:\/\/bermudiana.es\/blog\/#organization","name":"Bermudiana, S.L.","url":"https:\/\/bermudiana.es\/blog\/","logo":{"@type":"ImageObject","inLanguage":"es","@id":"https:\/\/bermudiana.es\/blog\/#\/schema\/logo\/image\/","url":"https:\/\/bermudiana.es\/blog\/wp-content\/uploads\/2018\/09\/Logo-Blog-BMD.jpg","contentUrl":"https:\/\/bermudiana.es\/blog\/wp-content\/uploads\/2018\/09\/Logo-Blog-BMD.jpg","width":308,"height":79,"caption":"Bermudiana, S.L."},"image":{"@id":"https:\/\/bermudiana.es\/blog\/#\/schema\/logo\/image\/"}}]}},"post_mailing_queue_ids":[],"_links":{"self":[{"href":"https:\/\/bermudiana.es\/blog\/wp-json\/wp\/v2\/pages\/121","targetHints":{"allow":["GET"]}}],"collection":[{"href":"https:\/\/bermudiana.es\/blog\/wp-json\/wp\/v2\/pages"}],"about":[{"href":"https:\/\/bermudiana.es\/blog\/wp-json\/wp\/v2\/types\/page"}],"author":[{"embeddable":true,"href":"https:\/\/bermudiana.es\/blog\/wp-json\/wp\/v2\/users\/1"}],"replies":[{"embeddable":true,"href":"https:\/\/bermudiana.es\/blog\/wp-json\/wp\/v2\/comments?post=121"}],"version-history":[{"count":13,"href":"https:\/\/bermudiana.es\/blog\/wp-json\/wp\/v2\/pages\/121\/revisions"}],"predecessor-version":[{"id":2190,"href":"https:\/\/bermudiana.es\/blog\/wp-json\/wp\/v2\/pages\/121\/revisions\/2190"}],"wp:attachment":[{"href":"https:\/\/bermudiana.es\/blog\/wp-json\/wp\/v2\/media?parent=121"}],"curies":[{"name":"wp","href":"https:\/\/api.w.org\/{rel}","templated":true}]}}